{"id":4085,"date":"2019-07-17T19:33:37","date_gmt":"2019-07-17T19:33:37","guid":{"rendered":"https:\/\/peccatodivino.gr\/drinks\/"},"modified":"2019-09-24T16:07:26","modified_gmt":"2019-09-24T16:07:26","slug":"drinks","status":"publish","type":"page","link":"https:\/\/peccatodivino.gr\/el\/drinks\/","title":{"rendered":"Drinks"},"content":{"rendered":"<div class=\"wpb-content-wrapper\"><p>[vc_row][vc_column css=&#8221;.vc_custom_1534848855900{padding-top: 0px !important;}&#8221;]<div class=\"mkdf-anchor-menu-outer\">\n\t<div class=\"mkdf-anchor-menu\">\n                    <div class=\"mkdf-anchor-menu-item\">\n                <a class=\"mkdf-anchor\" href=\"#champagne\">\n                    <span class=\"mkdf-anchor-menu-item-label\">\n                        \u03a3\u0391\u039c\u03a0\u0391\u039d\u0399\u0395\u03a3                    <\/span>\n                    <span class=\"mkdf-anchor-menu-item-responsive-label\">\n                        1                    <\/span>\n                <\/a>\n            <\/div>\n                    <div class=\"mkdf-anchor-menu-item\">\n                <a class=\"mkdf-anchor\" href=\"#sparklingwine\">\n                    <span class=\"mkdf-anchor-menu-item-label\">\n                        \u0391\u03a6\u03a1\u03a9\u0394\u0395\u0399\u03a3 \u039f\u0399\u039d\u039f\u0399                    <\/span>\n                    <span class=\"mkdf-anchor-menu-item-responsive-label\">\n                        2                    <\/span>\n                <\/a>\n            <\/div>\n                    <div class=\"mkdf-anchor-menu-item\">\n                <a class=\"mkdf-anchor\" href=\"#wines\">\n                    <span class=\"mkdf-anchor-menu-item-label\">\n                        \u039a\u03a1\u0391\u03a3\u0399\u0391                    <\/span>\n                    <span class=\"mkdf-anchor-menu-item-responsive-label\">\n                        3                    <\/span>\n                <\/a>\n            <\/div>\n                    <div class=\"mkdf-anchor-menu-item\">\n                <a class=\"mkdf-anchor\" href=\"#beers\">\n                    <span class=\"mkdf-anchor-menu-item-label\">\n                        \u039c\u03a0\u03a5\u03a1\u0395\u03a3                    <\/span>\n                    <span class=\"mkdf-anchor-menu-item-responsive-label\">\n                        4                    <\/span>\n                <\/a>\n            <\/div>\n                    <div class=\"mkdf-anchor-menu-item\">\n                <a class=\"mkdf-anchor\" href=\"#refreshments\">\n                    <span class=\"mkdf-anchor-menu-item-label\">\n                        \u0391\u039d\u0391\u03a8\u03a5\u039a\u03a4\u0399\u039a\u0391                    <\/span>\n                    <span class=\"mkdf-anchor-menu-item-responsive-label\">\n                        5                    <\/span>\n                <\/a>\n            <\/div>\n                    <div class=\"mkdf-anchor-menu-item\">\n                <a class=\"mkdf-anchor\" href=\"#coffee\">\n                    <span class=\"mkdf-anchor-menu-item-label\">\n                        \u039a\u0391\u03a6\u0395\u03a3                    <\/span>\n                    <span class=\"mkdf-anchor-menu-item-responsive-label\">\n                        6                    <\/span>\n                <\/a>\n            <\/div>\n        \t<\/div>\n<\/div>[\/vc_column][\/vc_row][vc_row row_content_width=&#8221;grid&#8221; el_id=&#8221;champagne&#8221;][vc_column][vc_empty_space height=&#8221;70px&#8221;][vc_custom_heading text=&#8221;\u03a3\u03b1\u03bc\u03c0\u03ac\u03bd\u03b9\u03b5\u03c2&#8221; font_container=&#8221;tag:h3|text_align:center&#8221; use_theme_fonts=&#8221;yes&#8221;][vc_row_inner][vc_column_inner][vc_column_text]<\/p>\n<p style=\"text-align: center;\"><strong>CHAMPAGNE N.V.<\/strong><br \/>\nMumm Cordon Rouge Brut<\/p>\n<p style=\"text-align: center;\">Mo\u00ebt &amp; Chandon Brut Imperial, N.V.<\/p>\n<p style=\"text-align: center;\"><strong>CUV\u00c9E PRESTIGE &amp; VINTAGE CHAMPAGNES<\/strong><br \/>\nDom Perignon Cuv\u00e9e Prestige, Vintage Brut<\/p>\n<p style=\"text-align: center;\"><strong>ROS\u00c9 CHAMPAGNES<\/strong><br \/>\nDom Perignon Ros\u00e9, Cuv\u00e9e Prestige<\/p>\n<p>[\/vc_column_text][\/vc_column_inner][\/vc_row_inner][vc_empty_space height=&#8221;70px&#8221;][\/vc_column][\/vc_row][vc_row row_content_width=&#8221;grid&#8221; el_id=&#8221;sparklingwine&#8221;][vc_column][vc_empty_space height=&#8221;70px&#8221;][vc_custom_heading text=&#8221;\u0391\u03c6\u03c1\u03ce\u03b4\u03b5\u03b9\u03c2 \u039f\u03af\u03bd\u03bf\u03b9&#8221; font_container=&#8221;tag:h3|text_align:left&#8221; use_theme_fonts=&#8221;yes&#8221;][vc_row_inner][vc_column_inner width=&#8221;1\/2&#8243;][vc_custom_heading text=&#8221;\u0395\u03bb\u03bb\u03ac\u03b4\u03b1&#8221; font_container=&#8221;tag:h4|text_align:left&#8221; use_theme_fonts=&#8221;yes&#8221;][vc_column_text]\u039a\u03c4\u03ae\u03bc\u03b1 \u03a4\u03c3\u03b5\u03bb\u03ad\u03c0\u03bf\u03c5, Amalia Brut, \u039c\u03bf\u03c3\u03c7\u03bf\u03c6\u03af\u03bb\u03b5\u03c1\u03bf, \u03a0\u03b5\u03bb\u03bf\u03c0\u03cc\u03bd\u03bd\u03b7\u03c3\u03bf\u03c2[\/vc_column_text][vc_column_text]\u039a\u03c4\u03ae\u03bc\u03b1 Cavino, &#8220;DEUS&#8221;[\/vc_column_text][\/vc_column_inner][vc_column_inner width=&#8221;1\/2&#8243;][vc_custom_heading text=&#8221;\u0399\u03c4\u03b1\u03bb\u03af\u03b1&#8221; font_container=&#8221;tag:h4|text_align:left&#8221; use_theme_fonts=&#8221;yes&#8221;][vc_column_text]Prosecco, D.O.C. (750ml)[\/vc_column_text][vc_column_text]Moscato d&#8217;Asti, D.O.C.G. (750ml)[\/vc_column_text][\/vc_column_inner][\/vc_row_inner][vc_empty_space height=&#8221;70px&#8221;][\/vc_column][\/vc_row][vc_row row_content_width=&#8221;grid&#8221; el_id=&#8221;wines&#8221;][vc_column][vc_empty_space height=&#8221;70px&#8221;][vc_custom_heading text=&#8221;\u039a\u03c1\u03b1\u03c3\u03b9\u03ac&#8221; font_container=&#8221;tag:h3|text_align:left&#8221; use_theme_fonts=&#8221;yes&#8221;][vc_row_inner][vc_column_inner width=&#8221;1\/2&#8243;][vc_custom_heading text=&#8221;\u039b\u0395\u03a5\u039a\u0391&#8221; font_container=&#8221;tag:h4|text_align:left&#8221; use_theme_fonts=&#8221;yes&#8221;][vc_custom_heading text=&#8221;\u0395\u039b\u039b\u0391\u0394\u0391&#8221; font_container=&#8221;tag:h4|font_size:18|text_align:left&#8221; use_theme_fonts=&#8221;yes&#8221;][vc_column_text]Moschato Spinas 0,75l<\/p>\n<p>Amethystos &#8211; Sauvignon Blanc<\/p>\n<p>Blue Tractor \u2013 Asyrtiko, Viogner, Chardonnay<\/p>\n<p>Aspros Lagos \u2013 Vidianos<\/p>\n<p>Douloufakis &#8211; Chardonnay<\/p>\n<p>Simeonidis \u2013 Malagouzia<\/p>\n<p>Ahinos \u2013 Sauvignon Blanc<\/p>\n<p>Kernos \u2013 Vilana, Vidianos, Muscat Spinas \/ medium sweet<\/p>\n<p>Retsina Kechribari \u2013 Savvatiano, Roditis[\/vc_column_text][vc_custom_heading text=&#8221;\u0399\u03a4\u0391\u039b\u0399\u0391&#8221; font_container=&#8221;tag:h4|font_size:18|text_align:left&#8221; use_theme_fonts=&#8221;yes&#8221;][vc_column_text]Pinot Grigio D.O.C. 0,75l[\/vc_column_text][vc_custom_heading text=&#8221;\u039d\u039f\u03a4\u0399\u0391 \u0391\u03a6\u03a1\u0399\u039a\u0397&#8221; font_container=&#8221;tag:h4|font_size:18|text_align:left&#8221; use_theme_fonts=&#8221;yes&#8221;][vc_column_text]Spier Signature &#8211; Chenin Blanc 0,75l[\/vc_column_text][vc_custom_heading text=&#8221;\u0391\u03a5\u03a3\u03a4\u03a1\u0391\u039b\u0399\u0391&#8221; font_container=&#8221;tag:h4|font_size:18|text_align:left&#8221; use_theme_fonts=&#8221;yes&#8221;][vc_column_text]Ciran Billi Billi Mount Langi &#8211; Riesling 0,75l[\/vc_column_text][vc_custom_heading text=&#8221;\u039d\u0395\u0391 \u0396\u0397\u039b\u0391\u039d\u0394\u0399\u0391&#8221; font_container=&#8221;tag:h4|font_size:18|text_align:left&#8221; use_theme_fonts=&#8221;yes&#8221;][vc_column_text]Babich Marlborough &#8211; Sauvignon Blanc 0,75l[\/vc_column_text][vc_custom_heading text=&#8221;\u03a7\u0399\u039b\u0397&#8221; font_container=&#8221;tag:h4|font_size:18|text_align:left&#8221; use_theme_fonts=&#8221;yes&#8221;][vc_column_text]Montes Chardonnay[\/vc_column_text][\/vc_column_inner][vc_column_inner width=&#8221;1\/2&#8243;][vc_custom_heading text=&#8221;\u039a\u039f\u039a\u039a\u0399\u039d\u0391&#8221; font_container=&#8221;tag:h4|text_align:left&#8221; use_theme_fonts=&#8221;yes&#8221;][vc_custom_heading text=&#8221;\u0395\u039b\u039b\u0391\u0394\u0391&#8221; font_container=&#8221;tag:h4|font_size:18|text_align:left&#8221; use_theme_fonts=&#8221;yes&#8221;][vc_column_text]Orthi Petra \u2013 Cabernet Sauvignon, Kotsifali<\/p>\n<p>Diamantopetra \u2013 Syrah, Mandilari 0,75l<\/p>\n<p>Blue Tractor \u2013 Cabernet Sauvignon,Syrah, Merlot<\/p>\n<p>Megas Oinos \u2013 Cabernet 0,75l<\/p>\n<p>Mega Spilaio \u2013 Syrah<\/p>\n<p>Mega Spilaio &#8211; Merlot<\/p>\n<p>Aspros Lagos \u2013 Cabernet Sauvignon<\/p>\n<p>Nymfaios \u2013 Cabernet Sauvignon \u2013 Merlot<\/p>\n<p>Kernos \u2013 Syrah, Kotsifali \/ medium sweet<\/p>\n<p>Mavrodaphne \/ Dessert Wine \u2013 Mavrodaphne, Black Corinth[\/vc_column_text][vc_custom_heading text=&#8221;\u0399\u03a4\u0391\u039b\u0399\u0391&#8221; font_container=&#8221;tag:h4|font_size:18|text_align:left&#8221; use_theme_fonts=&#8221;yes&#8221;][vc_column_text]Chianti Tuscany D.O.C. 0,75l<\/p>\n<p>Chianti classico Isole e\u2019olena, 0,75l<\/p>\n<p>Casanova di Neri, Brunello di Montalcino, D.O.C.G. &#8211; Sangiovese 0,75l[\/vc_column_text][vc_custom_heading text=&#8221;\u03a7\u0399\u039b\u0397&#8221; font_container=&#8221;tag:h4|font_size:18|text_align:left&#8221; use_theme_fonts=&#8221;yes&#8221;][vc_column_text]DK Secreto Collection &#8211; Carmenere 0,75l<\/p>\n<p>Montes \u2013 Carmenere, Cabernet Sauvignon 0,75l[\/vc_column_text][vc_custom_heading text=&#8221;\u03a1\u039f\u0396\u0395&#8221; font_container=&#8221;tag:h4|text_align:left&#8221; use_theme_fonts=&#8221;yes&#8221;][vc_custom_heading text=&#8221;\u0395\u039b\u039b\u0391\u0394\u0391&#8221; font_container=&#8221;tag:h4|font_size:18|text_align:left&#8221; use_theme_fonts=&#8221;yes&#8221;][vc_column_text]Aphrodite Anadyomeni \u2013 Kotsifali<\/p>\n<p>Atarachos \u2013 Syrah, Kotsifali<\/p>\n<p>Victoria \u2013 Cabernet Sauvignon, Kotsifali<\/p>\n<p>Domaine Costa \u2013 Merlot<\/p>\n<p>Kokkino Fili \u2013 Merlot, Moschato Alexandrias 0,75l[\/vc_column_text][vc_custom_heading text=&#8221;\u03a0\u03a1\u039f\u0392\u0399\u0393\u039a\u0399\u0391&#8221; font_container=&#8221;tag:h4|font_size:18|text_align:left&#8221; use_theme_fonts=&#8221;yes&#8221;][vc_column_text]Aix Rose MAISON SAINT AIX \u2013 Grenanche rouge, Syrah 0,75l<\/p>\n<p>Aix Rose MAISON SAINT AIX \u2013 Grenanche rouge, Syrah 1,5 lt<\/p>\n<p>Bodvar No7 Crete Edition \u2013 Grenanche rouge, Syrah 0,75l[\/vc_column_text][\/vc_column_inner][\/vc_row_inner][vc_empty_space height=&#8221;70px&#8221;][\/vc_column][\/vc_row][vc_row row_content_width=&#8221;grid&#8221; el_id=&#8221;beers&#8221;][vc_column][vc_empty_space height=&#8221;70px&#8221;][vc_custom_heading text=&#8221;\u039c\u03c0\u03cd\u03c1\u03b5\u03c2&#8221; font_container=&#8221;tag:h3|text_align:center&#8221; use_theme_fonts=&#8221;yes&#8221;][vc_row_inner][vc_column_inner][vc_column_text]<\/p>\n<p style=\"text-align: center;\">Heineken, Fix<\/p>\n<p style=\"text-align: center;\">Corona<\/p>\n<p style=\"text-align: center;\">Alcohol free<\/p>\n<p>[\/vc_column_text][\/vc_column_inner][\/vc_row_inner][vc_empty_space height=&#8221;70px&#8221;][\/vc_column][\/vc_row][vc_row row_content_width=&#8221;grid&#8221; el_id=&#8221;refreshments&#8221;][vc_column][vc_empty_space height=&#8221;70px&#8221;][vc_custom_heading text=&#8221;\u0391\u03bd\u03b1\u03c8\u03c5\u03ba\u03c4\u03b9\u03ba\u03ac&#8221; font_container=&#8221;tag:h3|text_align:center&#8221; use_theme_fonts=&#8221;yes&#8221;][vc_row_inner][vc_column_inner][vc_column_text]<\/p>\n<p style=\"text-align: center;\">Coca Cola<\/p>\n<p style=\"text-align: center;\">Sprite<\/p>\n<p style=\"text-align: center;\">Fanta Lemon \/ Orange<\/p>\n<p style=\"text-align: center;\">Soda<\/p>\n<p style=\"text-align: center;\">Tonic<\/p>\n<p>[\/vc_column_text][\/vc_column_inner][\/vc_row_inner][vc_empty_space height=&#8221;70px&#8221;][\/vc_column][\/vc_row][vc_row row_content_width=&#8221;grid&#8221; el_id=&#8221;coffee&#8221;][vc_column][vc_empty_space height=&#8221;70px&#8221;][vc_custom_heading text=&#8221;\u039a\u03b1\u03c6\u03ad\u03c2&#8221; font_container=&#8221;tag:h3|text_align:center&#8221; use_theme_fonts=&#8221;yes&#8221;][vc_row_inner][vc_column_inner][vc_column_text]<\/p>\n<p style=\"text-align: center;\">Espresso<\/p>\n<p style=\"text-align: center;\">Cappuccino<\/p>\n<p>[\/vc_column_text][\/vc_column_inner][\/vc_row_inner][vc_empty_space height=&#8221;70px&#8221;][\/vc_column][\/vc_row][vc_row row_content_width=&#8221;grid&#8221; el_id=&#8221;tablewater&#8221;][vc_column][vc_empty_space height=&#8221;70px&#8221;][vc_custom_heading text=&#8221;\u039d\u03b5\u03c1\u03ac&#8221; font_container=&#8221;tag:h3|text_align:center&#8221; use_theme_fonts=&#8221;yes&#8221;][vc_row_inner][vc_column_inner][vc_column_text]<\/p>\n<p style=\"text-align: center;\">Perrier, San Pelegrino 0,25l<\/p>\n<p style=\"text-align: center;\">San Pelegrino 0,75l<\/p>\n<p style=\"text-align: center;\">Mineral Water 1 l<\/p>\n<p>[\/vc_column_text][\/vc_column_inner][\/vc_row_inner][vc_empty_space height=&#8221;70px&#8221;][\/vc_column][\/vc_row][vc_row disable_element=&#8221;yes&#8221; css=&#8221;.vc_custom_1563469780536{padding-top: 76px !important;padding-bottom: 25px !important;}&#8221; simple_background_color=&#8221;#eff5f8&#8243;][vc_column][vc_row_inner row_content_width=&#8221;grid&#8221;][vc_column_inner]<div class=\"mkdf-rf-holder mkdf-rf-holder-light\">\n\t\t\t<form class=\"mkdf-rf\" target=\"_blank\" action=\"http:\/\/www.opentable.com\/restaurant-search.aspx\" name=\"mkdf-rf\">\n\t\t\t<div class=\"mkdf-rf-row clearfix\">\n                <div class=\"mkdf-rf-col-holder\">\n                    <h5 class=\"mkdf-rf-title\">Reservations<\/h5>\n                <\/div>\n\t\t\t\t<div class=\"mkdf-rf-col-holder\">\n\t\t\t\t\t<div class=\"mkdf-rf-field-holder clearfix\">\n\t\t\t\t\t\t<select name=\"partySize\" class=\"mkdf-ot-people\">\n\t\t\t\t\t\t\t<option value=\"1\">1 Person<\/option>\n\t\t\t\t\t\t\t<option value=\"2\">2 People<\/option>\n\t\t\t\t\t\t\t<option value=\"3\">3 People<\/option>\n\t\t\t\t\t\t\t<option value=\"4\">4 People<\/option>\n\t\t\t\t\t\t\t<option value=\"5\">5 People<\/option>\n\t\t\t\t\t\t\t<option value=\"6\">6 People<\/option>\n\t\t\t\t\t\t\t<option value=\"7\">7 People<\/option>\n\t\t\t\t\t\t\t<option value=\"8\">8 People<\/option>\n\t\t\t\t\t\t\t<option value=\"9\">9 People<\/option>\n\t\t\t\t\t\t\t<option value=\"10\">10 People<\/option>\n\t\t\t\t\t\t<\/select>\n\t\t\t\t\t<span class=\"mkdf-rf-icon\">\n\t\t\t\t\t\t<span class=\"icon_group\"><\/span>\n\t\t\t\t\t<\/span>\n\t\t\t\t\t<\/div>\n\t\t\t\t<\/div>\n\t\t\t\t<div class=\"mkdf-rf-col-holder\">\n\t\t\t\t\t<div class=\"mkdf-rf-field-holder clearfix\">\n\t\t\t\t\t\t<input type=\"text\" value=\"04\/30\/2026\" class=\"mkdf-ot-date\" name=\"startDate\">\n\t\t\t\t\t<span class=\"mkdf-rf-icon\">\n\t\t\t\t\t\t<span class=\"icon_calendar\"><\/span>\n\t\t\t\t\t<\/span>\n\t\t\t\t\t<\/div>\n\t\t\t\t<\/div>\n\t\t\t\t<div class=\"mkdf-rf-col-holder mkdf-rf-time-col\">\n\t\t\t\t\t<div class=\"mkdf-rf-field-holder clearfix\">\n\t\t\t\t\t\t<select name=\"ResTime\" class=\"mkdf-ot-time\">\n\t\t\t\t\t\t\t<option value=\"6:30am\">6:30 am<\/option>\n\t\t\t\t\t\t\t<option value=\"7:00am\">7:00 am<\/option>\n\t\t\t\t\t\t\t<option value=\"7:30am\">7:30 am<\/option>\n\t\t\t\t\t\t\t<option value=\"8:00am\">8:00 am<\/option>\n\t\t\t\t\t\t\t<option value=\"8:30am\">8:30 am<\/option>\n\t\t\t\t\t\t\t<option value=\"9:00am\">9:00 am<\/option>\n\t\t\t\t\t\t\t<option value=\"9:30am\">9:30 am<\/option>\n\t\t\t\t\t\t\t<option value=\"10:00am\">10:00 am<\/option>\n\t\t\t\t\t\t\t<option value=\"10:30am\">10:30 am<\/option>\n\t\t\t\t\t\t\t<option value=\"11:00am\">11:00 am<\/option>\n\t\t\t\t\t\t\t<option value=\"11:30am\">11:30 am<\/option>\n\t\t\t\t\t\t\t<option value=\"12:00pm\">12:00 pm<\/option>\n\t\t\t\t\t\t\t<option value=\"12:30pm\">12:30 pm<\/option>\n\t\t\t\t\t\t\t<option value=\"1:00pm\">1:00 pm<\/option>\n\t\t\t\t\t\t\t<option value=\"1:30pm\">1:30 pm<\/option>\n\t\t\t\t\t\t\t<option value=\"2:00pm\">2:00 pm<\/option>\n\t\t\t\t\t\t\t<option value=\"2:30pm\">2:30 pm<\/option>\n\t\t\t\t\t\t\t<option value=\"3:00pm\">3:00 pm<\/option>\n\t\t\t\t\t\t\t<option value=\"3:30pm\">3:30 pm<\/option>\n\t\t\t\t\t\t\t<option value=\"4:00pm\">4:00 pm<\/option>\n\t\t\t\t\t\t\t<option value=\"4:30pm\">4:30 pm<\/option>\n\t\t\t\t\t\t\t<option value=\"5:00pm\">5:00 pm<\/option>\n\t\t\t\t\t\t\t<option value=\"5:30pm\">5:30 pm<\/option>\n\t\t\t\t\t\t\t<option value=\"6:00pm\">6:00 pm<\/option>\n\t\t\t\t\t\t\t<option value=\"6:30pm\">6:30 pm<\/option>\n\t\t\t\t\t\t\t<option value=\"7:00pm\" selected=\"selected\">7:00 pm<\/option>\n\t\t\t\t\t\t\t<option value=\"7:30pm\">7:30 pm<\/option>\n\t\t\t\t\t\t\t<option value=\"8:00pm\">8:00 pm<\/option>\n\t\t\t\t\t\t\t<option value=\"8:30pm\">8:30 pm<\/option>\n\t\t\t\t\t\t\t<option value=\"9:00pm\">9:00 pm<\/option>\n\t\t\t\t\t\t\t<option value=\"9:30pm\">9:30 pm<\/option>\n\t\t\t\t\t\t\t<option value=\"10:00pm\">10:00 pm<\/option>\n\t\t\t\t\t\t\t<option value=\"10:30pm\">10:30 pm<\/option>\n\t\t\t\t\t\t\t<option value=\"11:00pm\">11:00 pm<\/option>\n\t\t\t\t\t\t\t<option value=\"11:30pm\">11:30 pm<\/option>\n\t\t\t\t\t\t<\/select>\n\t\t\t\t\t<span class=\"mkdf-rf-icon\">\n\t\t\t\t\t\t<span class=\"icon_clock\"><\/span>\n\t\t\t\t\t<\/span>\n\t\t\t\t\t<\/div>\n\t\t\t\t<\/div>\n\t\t\t\t<div class=\"mkdf-rf-col-holder mkdf-rf-btn-holder\">\n\t\t\t\t\t\t<button type=\"submit\"  class=\"mkdf-btn mkdf-btn-medium mkdf-btn-outline\"  >\n        <span class=\"mkdf-btn-text\">Book a Table<\/span>\n    <\/button>\t\t\t\t<\/div>\n\t\t\t<\/div>\n\t\t\t<input type=\"hidden\" name=\"RestaurantID\" class=\"RestaurantID\" value=\"161697\">\n\t\t\t<input type=\"hidden\" name=\"rid\" class=\"rid\" value=\"161697\">\n\t\t\t<input type=\"hidden\" name=\"GeoID\" class=\"GeoID\" value=\"15\">\n\t\t\t<input type=\"hidden\" name=\"txtDateFormat\" class=\"txtDateFormat\" value=\"MM\/dd\/yyyy\">\n\t\t\t<input type=\"hidden\" name=\"RestaurantReferralID\" class=\"RestaurantReferralID\" value=\"161697\">\n\t\t<\/form>\n\t\t<p class=\"mkdf-rf-copyright\">Powered by OpenTable<\/p>\n\t<\/div>[\/vc_column_inner][\/vc_row_inner][\/vc_column][\/vc_row]<\/p>\n<\/div>","protected":false},"excerpt":{"rendered":"<p>[vc_row][vc_column css=&#8221;.vc_custom_1534848855900{padding-top: 0px !important;}&#8221;][\/vc_column][\/vc_row][vc_row row_content_width=&#8221;grid&#8221; el_id=&#8221;champagne&#8221;][vc_column][vc_empty_space height=&#8221;70px&#8221;][vc_custom_heading text=&#8221;\u03a3\u03b1\u03bc\u03c0\u03ac\u03bd\u03b9\u03b5\u03c2&#8221; font_container=&#8221;tag:h3|text_align:center&#8221; use_theme_fonts=&#8221;yes&#8221;][vc_row_inner][vc_column_inner][vc_column_text] CHAMPAGNE N.V. Mumm Cordon Rouge Brut Mo\u00ebt &amp; Chandon Brut Imperial, N.V. CUV\u00c9E PRESTIGE &amp; VINTAGE CHAMPAGNES Dom Perignon Cuv\u00e9e Prestige, Vintage Brut ROS\u00c9 CHAMPAGNES Dom Perignon Ros\u00e9, Cuv\u00e9e Prestige [&hellip;]<\/p>\n","protected":false},"author":1,"featured_media":0,"parent":0,"menu_order":0,"comment_status":"closed","ping_status":"closed","template":"full-width.php","meta":{"footnotes":""},"class_list":["post-4085","page","type-page","status-publish","hentry"],"yoast_head":"<!-- This site is optimized with the Yoast SEO plugin v23.1 - https:\/\/yoast.com\/wordpress\/plugins\/seo\/ -->\n<title>Peccato Divino Restaurant - Italian Cuisine in Anissaras - Hersonissos<\/title>\n<meta name=\"description\" content=\"Enjoy Italian dishes &amp; fine dining next to the sea. You are invited to savor fresh &amp; flavorful recipes at an inspired and cozy ambient in Anissaras - Hersonissos.\" \/>\n<meta name=\"robots\" content=\"index, follow, max-snippet:-1, max-image-preview:large, max-video-preview:-1\" \/>\n<link rel=\"canonical\" href=\"https:\/\/peccatodivino.gr\/el\/drinks\/\" \/>\n<meta property=\"og:locale\" content=\"el_GR\" \/>\n<meta property=\"og:type\" content=\"article\" \/>\n<meta property=\"og:title\" content=\"Peccato Divino Restaurant - Italian Cuisine in Anissaras - Hersonissos\" \/>\n<meta property=\"og:description\" content=\"Enjoy Italian dishes &amp; fine dining next to the sea. You are invited to savor fresh &amp; flavorful recipes at an inspired and cozy ambient in Anissaras - Hersonissos.\" \/>\n<meta property=\"og:url\" content=\"https:\/\/peccatodivino.gr\/el\/drinks\/\" \/>\n<meta property=\"og:site_name\" content=\"Peccato Divino - Italian Cuisine\" \/>\n<meta property=\"article:modified_time\" content=\"2019-09-24T16:07:26+00:00\" \/>\n<meta name=\"twitter:card\" content=\"summary_large_image\" \/>\n<meta name=\"twitter:label1\" content=\"\u0395\u03ba\u03c4\u03b9\u03bc\u03ce\u03bc\u03b5\u03bd\u03bf\u03c2 \u03c7\u03c1\u03cc\u03bd\u03bf\u03c2 \u03b1\u03bd\u03ac\u03b3\u03bd\u03c9\u03c3\u03b7\u03c2\" \/>\n\t<meta name=\"twitter:data1\" content=\"6 \u03bb\u03b5\u03c0\u03c4\u03ac\" \/>\n<script type=\"application\/ld+json\" class=\"yoast-schema-graph\">{\"@context\":\"https:\/\/schema.org\",\"@graph\":[{\"@type\":\"WebPage\",\"@id\":\"https:\/\/peccatodivino.gr\/el\/drinks\/\",\"url\":\"https:\/\/peccatodivino.gr\/el\/drinks\/\",\"name\":\"Peccato Divino Restaurant - Italian Cuisine in Anissaras - Hersonissos\",\"isPartOf\":{\"@id\":\"https:\/\/peccatodivino.gr\/#website\"},\"datePublished\":\"2019-07-17T19:33:37+00:00\",\"dateModified\":\"2019-09-24T16:07:26+00:00\",\"description\":\"Enjoy Italian dishes & fine dining next to the sea. You are invited to savor fresh & flavorful recipes at an inspired and cozy ambient in Anissaras - Hersonissos.\",\"breadcrumb\":{\"@id\":\"https:\/\/peccatodivino.gr\/el\/drinks\/#breadcrumb\"},\"inLanguage\":\"el\",\"potentialAction\":[{\"@type\":\"ReadAction\",\"target\":[\"https:\/\/peccatodivino.gr\/el\/drinks\/\"]}]},{\"@type\":\"BreadcrumbList\",\"@id\":\"https:\/\/peccatodivino.gr\/el\/drinks\/#breadcrumb\",\"itemListElement\":[{\"@type\":\"ListItem\",\"position\":1,\"name\":\"Home\",\"item\":\"https:\/\/peccatodivino.gr\/el\/\"},{\"@type\":\"ListItem\",\"position\":2,\"name\":\"Drinks\"}]},{\"@type\":\"WebSite\",\"@id\":\"https:\/\/peccatodivino.gr\/#website\",\"url\":\"https:\/\/peccatodivino.gr\/\",\"name\":\"Peccato Divino - Italian Cuisine\",\"description\":\"AnissaBeach &amp; Village\",\"potentialAction\":[{\"@type\":\"SearchAction\",\"target\":{\"@type\":\"EntryPoint\",\"urlTemplate\":\"https:\/\/peccatodivino.gr\/?s={search_term_string}\"},\"query-input\":\"required name=search_term_string\"}],\"inLanguage\":\"el\"}]}<\/script>\n<!-- \/ Yoast SEO plugin. -->","yoast_head_json":{"title":"Peccato Divino Restaurant - Italian Cuisine in Anissaras - Hersonissos","description":"Enjoy Italian dishes & fine dining next to the sea. You are invited to savor fresh & flavorful recipes at an inspired and cozy ambient in Anissaras - Hersonissos.","robots":{"index":"index","follow":"follow","max-snippet":"max-snippet:-1","max-image-preview":"max-image-preview:large","max-video-preview":"max-video-preview:-1"},"canonical":"https:\/\/peccatodivino.gr\/el\/drinks\/","og_locale":"el_GR","og_type":"article","og_title":"Peccato Divino Restaurant - Italian Cuisine in Anissaras - Hersonissos","og_description":"Enjoy Italian dishes & fine dining next to the sea. You are invited to savor fresh & flavorful recipes at an inspired and cozy ambient in Anissaras - Hersonissos.","og_url":"https:\/\/peccatodivino.gr\/el\/drinks\/","og_site_name":"Peccato Divino - Italian Cuisine","article_modified_time":"2019-09-24T16:07:26+00:00","twitter_card":"summary_large_image","twitter_misc":{"\u0395\u03ba\u03c4\u03b9\u03bc\u03ce\u03bc\u03b5\u03bd\u03bf\u03c2 \u03c7\u03c1\u03cc\u03bd\u03bf\u03c2 \u03b1\u03bd\u03ac\u03b3\u03bd\u03c9\u03c3\u03b7\u03c2":"6 \u03bb\u03b5\u03c0\u03c4\u03ac"},"schema":{"@context":"https:\/\/schema.org","@graph":[{"@type":"WebPage","@id":"https:\/\/peccatodivino.gr\/el\/drinks\/","url":"https:\/\/peccatodivino.gr\/el\/drinks\/","name":"Peccato Divino Restaurant - Italian Cuisine in Anissaras - Hersonissos","isPartOf":{"@id":"https:\/\/peccatodivino.gr\/#website"},"datePublished":"2019-07-17T19:33:37+00:00","dateModified":"2019-09-24T16:07:26+00:00","description":"Enjoy Italian dishes & fine dining next to the sea. You are invited to savor fresh & flavorful recipes at an inspired and cozy ambient in Anissaras - Hersonissos.","breadcrumb":{"@id":"https:\/\/peccatodivino.gr\/el\/drinks\/#breadcrumb"},"inLanguage":"el","potentialAction":[{"@type":"ReadAction","target":["https:\/\/peccatodivino.gr\/el\/drinks\/"]}]},{"@type":"BreadcrumbList","@id":"https:\/\/peccatodivino.gr\/el\/drinks\/#breadcrumb","itemListElement":[{"@type":"ListItem","position":1,"name":"Home","item":"https:\/\/peccatodivino.gr\/el\/"},{"@type":"ListItem","position":2,"name":"Drinks"}]},{"@type":"WebSite","@id":"https:\/\/peccatodivino.gr\/#website","url":"https:\/\/peccatodivino.gr\/","name":"Peccato Divino - Italian Cuisine","description":"AnissaBeach &amp; Village","potentialAction":[{"@type":"SearchAction","target":{"@type":"EntryPoint","urlTemplate":"https:\/\/peccatodivino.gr\/?s={search_term_string}"},"query-input":"required name=search_term_string"}],"inLanguage":"el"}]}},"_links":{"self":[{"href":"https:\/\/peccatodivino.gr\/el\/wp-json\/wp\/v2\/pages\/4085"}],"collection":[{"href":"https:\/\/peccatodivino.gr\/el\/wp-json\/wp\/v2\/pages"}],"about":[{"href":"https:\/\/peccatodivino.gr\/el\/wp-json\/wp\/v2\/types\/page"}],"author":[{"embeddable":true,"href":"https:\/\/peccatodivino.gr\/el\/wp-json\/wp\/v2\/users\/1"}],"replies":[{"embeddable":true,"href":"https:\/\/peccatodivino.gr\/el\/wp-json\/wp\/v2\/comments?post=4085"}],"version-history":[{"count":3,"href":"https:\/\/peccatodivino.gr\/el\/wp-json\/wp\/v2\/pages\/4085\/revisions"}],"predecessor-version":[{"id":4099,"href":"https:\/\/peccatodivino.gr\/el\/wp-json\/wp\/v2\/pages\/4085\/revisions\/4099"}],"wp:attachment":[{"href":"https:\/\/peccatodivino.gr\/el\/wp-json\/wp\/v2\/media?parent=4085"}],"curies":[{"name":"wp","href":"https:\/\/api.w.org\/{rel}","templated":true}]}}